{"id":17,"date":"2026-01-16T09:47:17","date_gmt":"2026-01-16T09:47:17","guid":{"rendered":"https:\/\/rothgartenbau.de\/wordpress\/?page_id=17"},"modified":"2026-01-19T13:15:44","modified_gmt":"2026-01-19T13:15:44","slug":"referenzen","status":"publish","type":"page","link":"https:\/\/rothgartenbau.de\/index.php\/referenzen\/","title":{"rendered":"Referenzen"},"content":{"rendered":"\n<h5 class=\"wp-block-heading\">Bisherige Projekte<\/h5>\n\n\n\n<p>Hier k\u00f6nnen Sie sich ein Bild \u00fcber unsere Arbeit und Projekte verschaffen. Zu unserem Kundenstamm geh\u00f6ren neben Privatpersonen auch kleine und mittelst\u00e4ndische Unternehmen, die immer wieder gerne mit uns zusammenarbeiten.<\/p>\n\n\n\n<p>Lassen Sie sich von unseren Referenzprojekten \u00fcberzeugen und kontaktieren Sie uns. Wir freuen uns auf Ihren Auftrag!<\/p>\n\n\n\n<figure class=\"wp-block-gallery has-nested-images columns-default is-cropped wp-block-gallery-1 is-layout-flex wp-block-gallery-is-layout-flex\">\n<figure class=\"wp-block-image size-large\"><img loading=\"lazy\" decoding=\"async\" width=\"768\" height=\"1024\" data-id=\"116\" src=\"https:\/\/rothgartenbau.de\/wp-content\/uploads\/2026\/01\/Foto4-768x1024.jpeg\" alt=\"\" class=\"wp-image-116\" srcset=\"https:\/\/rothgartenbau.de\/wp-content\/uploads\/2026\/01\/Foto4-768x1024.jpeg 768w, https:\/\/rothgartenbau.de\/wp-content\/uploads\/2026\/01\/Foto4-225x300.jpeg 225w, https:\/\/rothgartenbau.de\/wp-content\/uploads\/2026\/01\/Foto4-1152x1536.jpeg 1152w, https:\/\/rothgartenbau.de\/wp-content\/uploads\/2026\/01\/Foto4.jpeg 1200w\" sizes=\"auto, (max-width: 768px) 100vw, 768px\" \/><\/figure>\n\n\n\n<figure class=\"wp-block-image size-large\"><img loading=\"lazy\" decoding=\"async\" width=\"1024\" height=\"576\" data-id=\"115\" src=\"https:\/\/rothgartenbau.de\/wp-content\/uploads\/2026\/01\/Foto3-1-1024x576.jpeg\" alt=\"\" class=\"wp-image-115\" srcset=\"https:\/\/rothgartenbau.de\/wp-content\/uploads\/2026\/01\/Foto3-1-1024x576.jpeg 1024w, https:\/\/rothgartenbau.de\/wp-content\/uploads\/2026\/01\/Foto3-1-300x169.jpeg 300w, https:\/\/rothgartenbau.de\/wp-content\/uploads\/2026\/01\/Foto3-1-768x432.jpeg 768w, https:\/\/rothgartenbau.de\/wp-content\/uploads\/2026\/01\/Foto3-1-1536x864.jpeg 1536w, https:\/\/rothgartenbau.de\/wp-content\/uploads\/2026\/01\/Foto3-1-2048x1152.jpeg 2048w\" sizes=\"auto, (max-width: 1024px) 100vw, 1024px\" \/><\/figure>\n\n\n\n<figure class=\"wp-block-image size-large\"><img loading=\"lazy\" decoding=\"async\" width=\"1024\" height=\"576\" data-id=\"114\" src=\"https:\/\/rothgartenbau.de\/wp-content\/uploads\/2026\/01\/Foto3-1024x576.jpeg\" alt=\"\" class=\"wp-image-114\" srcset=\"https:\/\/rothgartenbau.de\/wp-content\/uploads\/2026\/01\/Foto3-1024x576.jpeg 1024w, https:\/\/rothgartenbau.de\/wp-content\/uploads\/2026\/01\/Foto3-300x169.jpeg 300w, https:\/\/rothgartenbau.de\/wp-content\/uploads\/2026\/01\/Foto3-768x432.jpeg 768w\" sizes=\"auto, (max-width: 1024px) 100vw, 1024px\" \/><\/figure>\n\n\n\n<figure class=\"wp-block-image size-large\"><img loading=\"lazy\" decoding=\"async\" width=\"768\" height=\"1024\" data-id=\"113\" src=\"https:\/\/rothgartenbau.de\/wp-content\/uploads\/2026\/01\/Foto2-768x1024.jpeg\" alt=\"\" class=\"wp-image-113\" srcset=\"https:\/\/rothgartenbau.de\/wp-content\/uploads\/2026\/01\/Foto2-768x1024.jpeg 768w, https:\/\/rothgartenbau.de\/wp-content\/uploads\/2026\/01\/Foto2-225x300.jpeg 225w, https:\/\/rothgartenbau.de\/wp-content\/uploads\/2026\/01\/Foto2-1152x1536.jpeg 1152w, https:\/\/rothgartenbau.de\/wp-content\/uploads\/2026\/01\/Foto2.jpeg 1200w\" sizes=\"auto, (max-width: 768px) 100vw, 768px\" \/><\/figure>\n\n\n\n<figure class=\"wp-block-image size-large\"><img loading=\"lazy\" decoding=\"async\" width=\"1024\" height=\"768\" data-id=\"111\" src=\"https:\/\/rothgartenbau.de\/wp-content\/uploads\/2026\/01\/35464536.jpg\" alt=\"\" class=\"wp-image-111\" srcset=\"https:\/\/rothgartenbau.de\/wp-content\/uploads\/2026\/01\/35464536.jpg 1024w, https:\/\/rothgartenbau.de\/wp-content\/uploads\/2026\/01\/35464536-300x225.jpg 300w, https:\/\/rothgartenbau.de\/wp-content\/uploads\/2026\/01\/35464536-768x576.jpg 768w\" sizes=\"auto, (max-width: 1024px) 100vw, 1024px\" \/><\/figure>\n\n\n\n<figure class=\"wp-block-image size-large\"><img loading=\"lazy\" decoding=\"async\" width=\"768\" height=\"1024\" data-id=\"112\" src=\"https:\/\/rothgartenbau.de\/wp-content\/uploads\/2026\/01\/Foto1-768x1024.jpeg\" alt=\"\" class=\"wp-image-112\" srcset=\"https:\/\/rothgartenbau.de\/wp-content\/uploads\/2026\/01\/Foto1-768x1024.jpeg 768w, https:\/\/rothgartenbau.de\/wp-content\/uploads\/2026\/01\/Foto1-225x300.jpeg 225w, https:\/\/rothgartenbau.de\/wp-content\/uploads\/2026\/01\/Foto1-1152x1536.jpeg 1152w, https:\/\/rothgartenbau.de\/wp-content\/uploads\/2026\/01\/Foto1.jpeg 1500w\" sizes=\"auto, (max-width: 768px) 100vw, 768px\" \/><\/figure>\n\n\n\n<figure class=\"wp-block-image size-large\"><img loading=\"lazy\" decoding=\"async\" width=\"1024\" height=\"768\" data-id=\"110\" src=\"https:\/\/rothgartenbau.de\/wp-content\/uploads\/2026\/01\/567879-1024x768.jpeg\" alt=\"\" class=\"wp-image-110\" srcset=\"https:\/\/rothgartenbau.de\/wp-content\/uploads\/2026\/01\/567879-1024x768.jpeg 1024w, https:\/\/rothgartenbau.de\/wp-content\/uploads\/2026\/01\/567879-300x225.jpeg 300w, https:\/\/rothgartenbau.de\/wp-content\/uploads\/2026\/01\/567879-768x576.jpeg 768w, https:\/\/rothgartenbau.de\/wp-content\/uploads\/2026\/01\/567879-1536x1152.jpeg 1536w, https:\/\/rothgartenbau.de\/wp-content\/uploads\/2026\/01\/567879.jpeg 2048w\" sizes=\"auto, (max-width: 1024px) 100vw, 1024px\" \/><\/figure>\n\n\n\n<figure class=\"wp-block-image size-large\"><img loading=\"lazy\" decoding=\"async\" width=\"768\" height=\"1024\" data-id=\"109\" src=\"https:\/\/rothgartenbau.de\/wp-content\/uploads\/2026\/01\/366789-768x1024.jpeg\" alt=\"\" class=\"wp-image-109\" srcset=\"https:\/\/rothgartenbau.de\/wp-content\/uploads\/2026\/01\/366789-768x1024.jpeg 768w, https:\/\/rothgartenbau.de\/wp-content\/uploads\/2026\/01\/366789-225x300.jpeg 225w, https:\/\/rothgartenbau.de\/wp-content\/uploads\/2026\/01\/366789-1152x1536.jpeg 1152w, https:\/\/rothgartenbau.de\/wp-content\/uploads\/2026\/01\/366789.jpeg 1536w\" sizes=\"auto, (max-width: 768px) 100vw, 768px\" \/><\/figure>\n\n\n\n<figure class=\"wp-block-image size-large\"><img loading=\"lazy\" decoding=\"async\" width=\"768\" height=\"1024\" data-id=\"108\" src=\"https:\/\/rothgartenbau.de\/wp-content\/uploads\/2026\/01\/325645.jpg\" alt=\"\" class=\"wp-image-108\" srcset=\"https:\/\/rothgartenbau.de\/wp-content\/uploads\/2026\/01\/325645.jpg 768w, https:\/\/rothgartenbau.de\/wp-content\/uploads\/2026\/01\/325645-225x300.jpg 225w\" sizes=\"auto, (max-width: 768px) 100vw, 768px\" \/><\/figure>\n\n\n\n<figure class=\"wp-block-image size-large\"><img loading=\"lazy\" decoding=\"async\" width=\"768\" height=\"1024\" data-id=\"107\" src=\"https:\/\/rothgartenbau.de\/wp-content\/uploads\/2026\/01\/98676-768x1024.jpeg\" alt=\"\" class=\"wp-image-107\" srcset=\"https:\/\/rothgartenbau.de\/wp-content\/uploads\/2026\/01\/98676-768x1024.jpeg 768w, https:\/\/rothgartenbau.de\/wp-content\/uploads\/2026\/01\/98676-225x300.jpeg 225w, https:\/\/rothgartenbau.de\/wp-content\/uploads\/2026\/01\/98676-1152x1536.jpeg 1152w, https:\/\/rothgartenbau.de\/wp-content\/uploads\/2026\/01\/98676.jpeg 1536w\" sizes=\"auto, (max-width: 768px) 100vw, 768px\" \/><\/figure>\n\n\n\n<figure class=\"wp-block-image size-large\"><img loading=\"lazy\" decoding=\"async\" width=\"1024\" height=\"768\" data-id=\"105\" src=\"https:\/\/rothgartenbau.de\/wp-content\/uploads\/2026\/01\/43576.jpg\" alt=\"\" class=\"wp-image-105\" srcset=\"https:\/\/rothgartenbau.de\/wp-content\/uploads\/2026\/01\/43576.jpg 1024w, https:\/\/rothgartenbau.de\/wp-content\/uploads\/2026\/01\/43576-300x225.jpg 300w, https:\/\/rothgartenbau.de\/wp-content\/uploads\/2026\/01\/43576-768x576.jpg 768w\" sizes=\"auto, (max-width: 1024px) 100vw, 1024px\" \/><\/figure>\n\n\n\n<figure class=\"wp-block-image size-large\"><img loading=\"lazy\" decoding=\"async\" width=\"1024\" height=\"768\" data-id=\"106\" src=\"https:\/\/rothgartenbau.de\/wp-content\/uploads\/2026\/01\/54645.jpg\" alt=\"\" class=\"wp-image-106\" srcset=\"https:\/\/rothgartenbau.de\/wp-content\/uploads\/2026\/01\/54645.jpg 1024w, https:\/\/rothgartenbau.de\/wp-content\/uploads\/2026\/01\/54645-300x225.jpg 300w, https:\/\/rothgartenbau.de\/wp-content\/uploads\/2026\/01\/54645-768x576.jpg 768w\" sizes=\"auto, (max-width: 1024px) 100vw, 1024px\" \/><\/figure>\n\n\n\n<figure class=\"wp-block-image size-large\"><img loading=\"lazy\" decoding=\"async\" width=\"768\" height=\"1024\" data-id=\"93\" src=\"https:\/\/rothgartenbau.de\/wp-content\/uploads\/2026\/01\/7-768x1024.jpeg\" alt=\"\" class=\"wp-image-93\" srcset=\"https:\/\/rothgartenbau.de\/wp-content\/uploads\/2026\/01\/7-768x1024.jpeg 768w, https:\/\/rothgartenbau.de\/wp-content\/uploads\/2026\/01\/7-225x300.jpeg 225w, https:\/\/rothgartenbau.de\/wp-content\/uploads\/2026\/01\/7-1152x1536.jpeg 1152w, https:\/\/rothgartenbau.de\/wp-content\/uploads\/2026\/01\/7.jpeg 1500w\" sizes=\"auto, (max-width: 768px) 100vw, 768px\" \/><\/figure>\n\n\n\n<figure class=\"wp-block-image size-large\"><img loading=\"lazy\" decoding=\"async\" width=\"768\" height=\"1024\" data-id=\"94\" src=\"https:\/\/rothgartenbau.de\/wp-content\/uploads\/2026\/01\/8-1-768x1024.jpeg\" alt=\"\" class=\"wp-image-94\" srcset=\"https:\/\/rothgartenbau.de\/wp-content\/uploads\/2026\/01\/8-1-768x1024.jpeg 768w, https:\/\/rothgartenbau.de\/wp-content\/uploads\/2026\/01\/8-1-225x300.jpeg 225w, https:\/\/rothgartenbau.de\/wp-content\/uploads\/2026\/01\/8-1-1152x1536.jpeg 1152w, https:\/\/rothgartenbau.de\/wp-content\/uploads\/2026\/01\/8-1.jpeg 1536w\" sizes=\"auto, (max-width: 768px) 100vw, 768px\" \/><\/figure>\n\n\n\n<figure class=\"wp-block-image size-large\"><img loading=\"lazy\" decoding=\"async\" width=\"1024\" height=\"576\" data-id=\"95\" src=\"https:\/\/rothgartenbau.de\/wp-content\/uploads\/2026\/01\/56-1024x576.jpeg\" alt=\"\" class=\"wp-image-95\" srcset=\"https:\/\/rothgartenbau.de\/wp-content\/uploads\/2026\/01\/56-1024x576.jpeg 1024w, https:\/\/rothgartenbau.de\/wp-content\/uploads\/2026\/01\/56-300x169.jpeg 300w, https:\/\/rothgartenbau.de\/wp-content\/uploads\/2026\/01\/56-768x432.jpeg 768w, https:\/\/rothgartenbau.de\/wp-content\/uploads\/2026\/01\/56-1536x864.jpeg 1536w, https:\/\/rothgartenbau.de\/wp-content\/uploads\/2026\/01\/56.jpeg 2048w\" sizes=\"auto, (max-width: 1024px) 100vw, 1024px\" \/><\/figure>\n\n\n\n<figure class=\"wp-block-image size-large\"><img loading=\"lazy\" decoding=\"async\" width=\"1024\" height=\"768\" data-id=\"96\" src=\"https:\/\/rothgartenbau.de\/wp-content\/uploads\/2026\/01\/57-1024x768.jpeg\" alt=\"\" class=\"wp-image-96\" srcset=\"https:\/\/rothgartenbau.de\/wp-content\/uploads\/2026\/01\/57-1024x768.jpeg 1024w, https:\/\/rothgartenbau.de\/wp-content\/uploads\/2026\/01\/57-300x225.jpeg 300w, https:\/\/rothgartenbau.de\/wp-content\/uploads\/2026\/01\/57-768x576.jpeg 768w, https:\/\/rothgartenbau.de\/wp-content\/uploads\/2026\/01\/57-1536x1152.jpeg 1536w, https:\/\/rothgartenbau.de\/wp-content\/uploads\/2026\/01\/57-2048x1536.jpeg 2048w\" sizes=\"auto, (max-width: 1024px) 100vw, 1024px\" \/><\/figure>\n\n\n\n<figure class=\"wp-block-image size-large\"><img loading=\"lazy\" decoding=\"async\" width=\"576\" height=\"1024\" data-id=\"97\" src=\"https:\/\/rothgartenbau.de\/wp-content\/uploads\/2026\/01\/77-576x1024.jpeg\" alt=\"\" class=\"wp-image-97\" srcset=\"https:\/\/rothgartenbau.de\/wp-content\/uploads\/2026\/01\/77-576x1024.jpeg 576w, https:\/\/rothgartenbau.de\/wp-content\/uploads\/2026\/01\/77-169x300.jpeg 169w, https:\/\/rothgartenbau.de\/wp-content\/uploads\/2026\/01\/77-768x1365.jpeg 768w, https:\/\/rothgartenbau.de\/wp-content\/uploads\/2026\/01\/77-864x1536.jpeg 864w, https:\/\/rothgartenbau.de\/wp-content\/uploads\/2026\/01\/77-1152x2048.jpeg 1152w, https:\/\/rothgartenbau.de\/wp-content\/uploads\/2026\/01\/77-scaled.jpeg 1440w\" sizes=\"auto, (max-width: 576px) 100vw, 576px\" \/><\/figure>\n\n\n\n<figure class=\"wp-block-image size-large\"><img loading=\"lazy\" decoding=\"async\" width=\"576\" height=\"1024\" data-id=\"98\" src=\"https:\/\/rothgartenbau.de\/wp-content\/uploads\/2026\/01\/88-576x1024.jpeg\" alt=\"\" class=\"wp-image-98\" srcset=\"https:\/\/rothgartenbau.de\/wp-content\/uploads\/2026\/01\/88-576x1024.jpeg 576w, https:\/\/rothgartenbau.de\/wp-content\/uploads\/2026\/01\/88-169x300.jpeg 169w, https:\/\/rothgartenbau.de\/wp-content\/uploads\/2026\/01\/88-768x1365.jpeg 768w, https:\/\/rothgartenbau.de\/wp-content\/uploads\/2026\/01\/88-864x1536.jpeg 864w, https:\/\/rothgartenbau.de\/wp-content\/uploads\/2026\/01\/88.jpeg 1152w\" sizes=\"auto, (max-width: 576px) 100vw, 576px\" \/><\/figure>\n\n\n\n<figure class=\"wp-block-image size-large\"><img loading=\"lazy\" decoding=\"async\" width=\"1024\" height=\"768\" data-id=\"99\" src=\"https:\/\/rothgartenbau.de\/wp-content\/uploads\/2026\/01\/478-1024x768.jpeg\" alt=\"\" class=\"wp-image-99\" srcset=\"https:\/\/rothgartenbau.de\/wp-content\/uploads\/2026\/01\/478-1024x768.jpeg 1024w, https:\/\/rothgartenbau.de\/wp-content\/uploads\/2026\/01\/478-300x225.jpeg 300w, https:\/\/rothgartenbau.de\/wp-content\/uploads\/2026\/01\/478-768x576.jpeg 768w, https:\/\/rothgartenbau.de\/wp-content\/uploads\/2026\/01\/478-1536x1152.jpeg 1536w, https:\/\/rothgartenbau.de\/wp-content\/uploads\/2026\/01\/478.jpeg 2048w\" sizes=\"auto, (max-width: 1024px) 100vw, 1024px\" \/><\/figure>\n\n\n\n<figure class=\"wp-block-image size-large\"><img loading=\"lazy\" decoding=\"async\" width=\"1024\" height=\"768\" data-id=\"100\" src=\"https:\/\/rothgartenbau.de\/wp-content\/uploads\/2026\/01\/578-1024x768.jpeg\" alt=\"\" class=\"wp-image-100\" srcset=\"https:\/\/rothgartenbau.de\/wp-content\/uploads\/2026\/01\/578-1024x768.jpeg 1024w, https:\/\/rothgartenbau.de\/wp-content\/uploads\/2026\/01\/578-300x225.jpeg 300w, https:\/\/rothgartenbau.de\/wp-content\/uploads\/2026\/01\/578-768x576.jpeg 768w, https:\/\/rothgartenbau.de\/wp-content\/uploads\/2026\/01\/578-1536x1152.jpeg 1536w, https:\/\/rothgartenbau.de\/wp-content\/uploads\/2026\/01\/578.jpeg 2000w\" sizes=\"auto, (max-width: 1024px) 100vw, 1024px\" \/><\/figure>\n\n\n\n<figure class=\"wp-block-image size-large\"><img loading=\"lazy\" decoding=\"async\" width=\"1024\" height=\"576\" data-id=\"101\" src=\"https:\/\/rothgartenbau.de\/wp-content\/uploads\/2026\/01\/4387-1024x576.jpeg\" alt=\"\" class=\"wp-image-101\" srcset=\"https:\/\/rothgartenbau.de\/wp-content\/uploads\/2026\/01\/4387-1024x576.jpeg 1024w, https:\/\/rothgartenbau.de\/wp-content\/uploads\/2026\/01\/4387-300x169.jpeg 300w, https:\/\/rothgartenbau.de\/wp-content\/uploads\/2026\/01\/4387-768x432.jpeg 768w, https:\/\/rothgartenbau.de\/wp-content\/uploads\/2026\/01\/4387-1536x864.jpeg 1536w, https:\/\/rothgartenbau.de\/wp-content\/uploads\/2026\/01\/4387-2048x1152.jpeg 2048w\" sizes=\"auto, (max-width: 1024px) 100vw, 1024px\" \/><\/figure>\n\n\n\n<figure class=\"wp-block-image size-large\"><img loading=\"lazy\" decoding=\"async\" width=\"768\" height=\"1024\" data-id=\"102\" src=\"https:\/\/rothgartenbau.de\/wp-content\/uploads\/2026\/01\/4567-768x1024.jpeg\" alt=\"\" class=\"wp-image-102\" srcset=\"https:\/\/rothgartenbau.de\/wp-content\/uploads\/2026\/01\/4567-768x1024.jpeg 768w, https:\/\/rothgartenbau.de\/wp-content\/uploads\/2026\/01\/4567-225x300.jpeg 225w, https:\/\/rothgartenbau.de\/wp-content\/uploads\/2026\/01\/4567-1152x1536.jpeg 1152w, https:\/\/rothgartenbau.de\/wp-content\/uploads\/2026\/01\/4567.jpeg 1536w\" sizes=\"auto, (max-width: 768px) 100vw, 768px\" \/><\/figure>\n\n\n\n<figure class=\"wp-block-image size-large\"><img loading=\"lazy\" decoding=\"async\" width=\"768\" height=\"1024\" data-id=\"104\" src=\"https:\/\/rothgartenbau.de\/wp-content\/uploads\/2026\/01\/5678-768x1024.jpeg\" alt=\"\" class=\"wp-image-104\" srcset=\"https:\/\/rothgartenbau.de\/wp-content\/uploads\/2026\/01\/5678-768x1024.jpeg 768w, https:\/\/rothgartenbau.de\/wp-content\/uploads\/2026\/01\/5678-225x300.jpeg 225w, https:\/\/rothgartenbau.de\/wp-content\/uploads\/2026\/01\/5678-1152x1536.jpeg 1152w, https:\/\/rothgartenbau.de\/wp-content\/uploads\/2026\/01\/5678.jpeg 1536w\" sizes=\"auto, (max-width: 768px) 100vw, 768px\" \/><\/figure>\n\n\n\n<figure class=\"wp-block-image size-large\"><img loading=\"lazy\" decoding=\"async\" width=\"1024\" height=\"768\" data-id=\"92\" src=\"https:\/\/rothgartenbau.de\/wp-content\/uploads\/2026\/01\/6-1024x768.jpeg\" alt=\"\" class=\"wp-image-92\" srcset=\"https:\/\/rothgartenbau.de\/wp-content\/uploads\/2026\/01\/6-1024x768.jpeg 1024w, https:\/\/rothgartenbau.de\/wp-content\/uploads\/2026\/01\/6-300x225.jpeg 300w, https:\/\/rothgartenbau.de\/wp-content\/uploads\/2026\/01\/6-768x576.jpeg 768w, https:\/\/rothgartenbau.de\/wp-content\/uploads\/2026\/01\/6-1536x1152.jpeg 1536w, https:\/\/rothgartenbau.de\/wp-content\/uploads\/2026\/01\/6.jpeg 2048w\" sizes=\"auto, (max-width: 1024px) 100vw, 1024px\" \/><\/figure>\n\n\n\n<figure class=\"wp-block-image size-large\"><img loading=\"lazy\" decoding=\"async\" width=\"768\" height=\"1024\" data-id=\"103\" src=\"https:\/\/rothgartenbau.de\/wp-content\/uploads\/2026\/01\/5634.jpg\" alt=\"\" class=\"wp-image-103\" srcset=\"https:\/\/rothgartenbau.de\/wp-content\/uploads\/2026\/01\/5634.jpg 768w, https:\/\/rothgartenbau.de\/wp-content\/uploads\/2026\/01\/5634-225x300.jpg 225w\" sizes=\"auto, (max-width: 768px) 100vw, 768px\" \/><\/figure>\n\n\n\n<figure class=\"wp-block-image size-large\"><img loading=\"lazy\" decoding=\"async\" width=\"1024\" height=\"769\" data-id=\"91\" src=\"https:\/\/rothgartenbau.de\/wp-content\/uploads\/2026\/01\/2-1024x769.jpeg\" alt=\"\" class=\"wp-image-91\" srcset=\"https:\/\/rothgartenbau.de\/wp-content\/uploads\/2026\/01\/2-1024x769.jpeg 1024w, https:\/\/rothgartenbau.de\/wp-content\/uploads\/2026\/01\/2-300x225.jpeg 300w, https:\/\/rothgartenbau.de\/wp-content\/uploads\/2026\/01\/2-768x576.jpeg 768w, https:\/\/rothgartenbau.de\/wp-content\/uploads\/2026\/01\/2-1536x1153.jpeg 1536w, https:\/\/rothgartenbau.de\/wp-content\/uploads\/2026\/01\/2.jpeg 2048w\" sizes=\"auto, (max-width: 1024px) 100vw, 1024px\" \/><\/figure>\n<\/figure>\n","protected":false},"excerpt":{"rendered":"<p>Bisherige Projekte Hier k\u00f6nnen Sie sich ein Bild \u00fcber unsere Arbeit und Projekte verschaffen. Zu unserem Kundenstamm geh\u00f6ren neben Privatpersonen auch kleine und mittelst\u00e4ndische Unternehmen, die immer wieder [&hellip;]<\/p>\n","protected":false},"author":1,"featured_media":0,"parent":0,"menu_order":5,"comment_status":"closed","ping_status":"closed","template":"","meta":{"footnotes":""},"class_list":["post-17","page","type-page","status-publish","hentry"],"_links":{"self":[{"href":"https:\/\/rothgartenbau.de\/index.php\/wp-json\/wp\/v2\/pages\/17","targetHints":{"allow":["GET"]}}],"collection":[{"href":"https:\/\/rothgartenbau.de\/index.php\/wp-json\/wp\/v2\/pages"}],"about":[{"href":"https:\/\/rothgartenbau.de\/index.php\/wp-json\/wp\/v2\/types\/page"}],"author":[{"embeddable":true,"href":"https:\/\/rothgartenbau.de\/index.php\/wp-json\/wp\/v2\/users\/1"}],"replies":[{"embeddable":true,"href":"https:\/\/rothgartenbau.de\/index.php\/wp-json\/wp\/v2\/comments?post=17"}],"version-history":[{"count":6,"href":"https:\/\/rothgartenbau.de\/index.php\/wp-json\/wp\/v2\/pages\/17\/revisions"}],"predecessor-version":[{"id":118,"href":"https:\/\/rothgartenbau.de\/index.php\/wp-json\/wp\/v2\/pages\/17\/revisions\/118"}],"wp:attachment":[{"href":"https:\/\/rothgartenbau.de\/index.php\/wp-json\/wp\/v2\/media?parent=17"}],"curies":[{"name":"wp","href":"https:\/\/api.w.org\/{rel}","templated":true}]}}